{"id":25,"date":"2025-02-18T15:47:39","date_gmt":"2025-02-18T15:47:39","guid":{"rendered":"https:\/\/angelicaconsultores.com\/about\/"},"modified":"2026-03-30T13:58:45","modified_gmt":"2026-03-30T13:58:45","slug":"nosotros","status":"publish","type":"page","link":"https:\/\/angelicaconsultores.com\/en\/nosotros\/","title":{"rendered":"About Us"},"content":{"rendered":"<p><\/p>\n\n\n\n<div class=\"wp-block-group alignfull hostinger-ai-gallery-1 hostinger-ai-fade-up is-vertical is-content-justification-stretch is-layout-flex wp-container-core-group-is-layout-353c4f5a wp-block-group-is-layout-flex\">\n<div class=\"wp-block-uagb-info-box uagb-block-273a1cc8 uagb-infobox__content-wrap  uagb-infobox-icon-above-title uagb-infobox-image-valign-top animated fadeIn delay-100ms slow\"><div class=\"uagb-ifb-content\"><div class=\"uagb-ifb-title-wrap\"><h1 class=\"uagb-ifb-title\">Consultor\u00eda con Acento: Nuestra Visi\u00f3n de la Expansi\u00f3n Consciente<\/h1><\/div><p class=\"uagb-ifb-desc\">We make ideas breathe, brands flourish, and the world listen to what is born from the beauty of the non\u2011massive.<\/p><\/div><\/div>\n\n\n\n<div class=\"wp-block-uagb-container animated fadeIn slow uagb-block-8a33677e alignfull uagb-is-root-container\"><div class=\"uagb-container-inner-blocks-wrap\">\n<hr class=\"wp-block-separator has-text-color has-ast-global-color-0-color has-alpha-channel-opacity has-ast-global-color-0-background-color has-background is-style-default\"\/>\n<\/div><\/div>\n\n\n\n<div class=\"wp-block-uagb-info-box uagb-block-c7ae1d52 uagb-infobox__content-wrap  uagb-infobox-icon-above-title uagb-infobox-image-valign-top wp-block-uagb-info-box--has-margin animated fadeIn slow delay-500ms\"><div class=\"uagb-infobox-margin-wrapper\"><div class=\"uagb-ifb-content\"><div class=\"uagb-ifb-title-wrap\"><\/div><\/div><\/div><\/div>\n\n\n\n\n\n<div class=\"wp-block-uagb-image uagb-block-8158a44a wp-block-uagb-image--layout-default wp-block-uagb-image--effect-static wp-block-uagb-image--align-none animated fadeIn slower delay-100ms\"><figure class=\"wp-block-uagb-image__figure\"><img decoding=\"async\" srcset=\"https:\/\/angelicaconsultores.com\/wp-content\/uploads\/2026\/01\/Tablero-de-Marca-1-819x1024.png ,https:\/\/angelicaconsultores.com\/wp-content\/uploads\/2026\/01\/Tablero-de-Marca-1.png 780w, https:\/\/angelicaconsultores.com\/wp-content\/uploads\/2026\/01\/Tablero-de-Marca-1.png 360w\" sizes=\"auto, (max-width: 480px) 150px\" src=\"https:\/\/angelicaconsultores.com\/wp-content\/uploads\/2026\/01\/Tablero-de-Marca-1-819x1024.png\" alt=\"Business consultancy\" class=\"uag-image-2636\" width=\"819\" height=\"1024\" title=\"We make the subtle become unforgettable.\" loading=\"lazy\" role=\"img\"\/><\/figure><\/div>\n\n\n\n<div class=\"wp-block-uagb-info-box uagb-block-8dce5583 uagb-infobox__content-wrap  uagb-infobox-icon-above-title uagb-infobox-image-valign-top wp-block-uagb-info-box--has-margin animated fadeIn delay-1s slower\"><div class=\"uagb-infobox-margin-wrapper\"><div class=\"uagb-ifb-content\"><div class=\"uagb-ifb-title-wrap\"><h2 class=\"uagb-ifb-title\">De la inquietud al horizonte: Nuestra trayectoria en mercados globales<\/h2><\/div><p class=\"uagb-ifb-desc\">Ang\u00e9lica Consultores was born as a response to a profound question: <br><br>How can a brand grow without losing its soul?<\/p><\/div><\/div><\/div>\n\n\n\n<div class=\"wp-block-uagb-info-box uagb-block-ea38f8b1 uagb-infobox__content-wrap  uagb-infobox-icon-above-title uagb-infobox-image-valign-top wp-block-uagb-info-box--has-margin animated fadeIn delay-1s slower\"><div class=\"uagb-infobox-margin-wrapper\"><div class=\"uagb-ifb-content\"><div class=\"uagb-ifb-title-wrap\"><h3 class=\"uagb-ifb-title\">Un puente estrat\u00e9gico entre Latinoam\u00e9rica y Europa<\/h3><\/div><p class=\"uagb-ifb-desc\">After years working across Latin American and European markets, we understood that true luxury is not found in massive expansion, but in conscious expansion.<\/p><\/div><\/div><\/div>\n\n\n\n<div class=\"wp-block-uagb-info-box uagb-block-1219d73f uagb-infobox__content-wrap  uagb-infobox-icon-above-title uagb-infobox-image-valign-top wp-block-uagb-info-box--has-margin animated fadeIn delay-1s slower\"><div class=\"uagb-infobox-margin-wrapper\"><div class=\"uagb-ifb-content\"><div class=\"uagb-ifb-title-wrap\"><h2 class=\"uagb-ifb-title\">Branding con Esencia: El valor de lo no masivo en un mundo global<\/h2><\/div><p class=\"uagb-ifb-desc\">We accompany creative brands, unique products, and sensitive ventures that wish to transcend their origin with an international vision, without diluting their essence.<\/p><\/div><\/div><\/div>\n\n\n\n<div class=\"wp-block-uagb-info-box uagb-block-4d07b15c uagb-infobox__content-wrap  uagb-infobox-icon-above-title uagb-infobox-image-valign-top wp-block-uagb-info-box--has-margin animated fadeIn delay-1s slower\"><div class=\"uagb-infobox-margin-wrapper\"><div class=\"uagb-ifb-content\"><div class=\"uagb-ifb-title-wrap\"><h3 class=\"uagb-ifb-title\">Estrategias que respetan el ritmo y la magia de cada proyecto<\/h3><\/div><p class=\"uagb-ifb-desc\">From the initial idea to its internationalization, we design strategies that respect the rhythm of each project \u2014 its magic, its voice.<\/p><\/div><\/div><\/div>\n\n\n\n<div class=\"wp-block-uagb-info-box uagb-block-4f602198 uagb-infobox__content-wrap  uagb-infobox-icon-above-title uagb-infobox-image-valign-top wp-block-uagb-info-box--has-margin animated fadeIn delay-1s slower\"><div class=\"uagb-infobox-margin-wrapper\"><div class=\"uagb-ifb-content\"><div class=\"uagb-ifb-title-wrap\"><h2 class=\"uagb-ifb-title\">Internacionalizaci\u00f3n con Sentido: Estructuras s\u00f3lidas para marcas con alma<\/h2><\/div><p class=\"uagb-ifb-desc\">We don\u2019t believe in generic formulas.<\/p><\/div><\/div><\/div>\n\n\n\n<div class=\"wp-block-uagb-info-box uagb-block-acafa82d uagb-infobox__content-wrap  uagb-infobox-icon-above-title uagb-infobox-image-valign-top wp-block-uagb-info-box--has-margin animated fadeIn delay-1s slower\"><div class=\"uagb-infobox-margin-wrapper\"><div class=\"uagb-ifb-content\"><div class=\"uagb-ifb-title-wrap\"><h3 class=\"uagb-ifb-title\">Construir antes de escalar: El secreto de la coherencia premium<\/h3><\/div><p class=\"uagb-ifb-desc\">We believe in feeling and thinking before communicating, in building before scaling, in designing paths that connect purpose, beauty, and results.<br><br>Our story is also the story of those who trust us: brands that want to grow with coherence, entrepreneurs who seek to differentiate themselves with elegance, products that deserve to be discovered without becoming massive.<br><br>And so we continue: creating solid structures, meaningful narratives, and strategies that breathe with you.<\/p><\/div><\/div><\/div>\n\n\n\n<div class=\"wp-block-uagb-container uagb-block-eff91ef8 alignfull uagb-is-root-container\"><div class=\"uagb-container-inner-blocks-wrap\">\n<hr class=\"wp-block-separator has-text-color has-ast-global-color-0-color has-alpha-channel-opacity has-ast-global-color-0-background-color has-background is-style-wide animated fadeIn\"\/>\n<\/div><\/div>\n<\/div>\n\n\n\n<p><\/p>","protected":false},"excerpt":{"rendered":"","protected":false},"author":1,"featured_media":0,"parent":0,"menu_order":0,"comment_status":"closed","ping_status":"closed","template":"","meta":{"_uag_custom_page_level_css":"","site-sidebar-layout":"default","site-content-layout":"","ast-site-content-layout":"default","site-content-style":"default","site-sidebar-style":"default","ast-global-header-display":"","ast-banner-title-visibility":"","ast-main-header-display":"","ast-hfb-above-header-display":"","ast-hfb-below-header-display":"","ast-hfb-mobile-header-display":"","site-post-title":"disabled","ast-breadcrumbs-content":"","ast-featured-img":"","footer-sml-layout":"","theme-transparent-header-meta":"","adv-header-id-meta":"","stick-header-meta":"","header-above-stick-meta":"","header-main-stick-meta":"","header-below-stick-meta":"","astra-migrate-meta-layouts":"set","ast-page-background-enabled":"default","ast-page-background-meta":{"desktop":{"background-color":"var(--ast-global-color-4)","background-image":"","background-repeat":"repeat","background-position":"center center","background-size":"auto","background-attachment":"scroll","background-type":"","background-media":"","overlay-type":"","overlay-color":"","overlay-opacity":"","overlay-gradient":""},"tablet":{"background-color":"","background-image":"","background-repeat":"repeat","background-position":"center center","background-size":"auto","background-attachment":"scroll","background-type":"","background-media":"","overlay-type":"","overlay-color":"","overlay-opacity":"","overlay-gradient":""},"mobile":{"background-color":"","background-image":"","background-repeat":"repeat","background-position":"center center","background-size":"auto","background-attachment":"scroll","background-type":"","background-media":"","overlay-type":"","overlay-color":"","overlay-opacity":"","overlay-gradient":""}},"ast-content-background-meta":{"desktop":{"background-color":"var(--ast-global-color-5)","background-image":"","background-repeat":"repeat","background-position":"center center","background-size":"auto","background-attachment":"scroll","background-type":"","background-media":"","overlay-type":"","overlay-color":"","overlay-opacity":"","overlay-gradient":""},"tablet":{"background-color":"var(--ast-global-color-5)","background-image":"","background-repeat":"repeat","background-position":"center center","background-size":"auto","background-attachment":"scroll","background-type":"","background-media":"","overlay-type":"","overlay-color":"","overlay-opacity":"","overlay-gradient":""},"mobile":{"background-color":"var(--ast-global-color-5)","background-image":"","background-repeat":"repeat","background-position":"center center","background-size":"auto","background-attachment":"scroll","background-type":"","background-media":"","overlay-type":"","overlay-color":"","overlay-opacity":"","overlay-gradient":""}},"_themeisle_gutenberg_block_has_review":false,"footnotes":""},"class_list":["post-25","page","type-page","status-publish","hentry"],"aioseo_notices":[],"_hostinger_reach_plugin_has_subscription_block":false,"_hostinger_reach_plugin_is_elementor":false,"uagb_featured_image_src":{"full":false,"thumbnail":false,"medium":false,"medium_large":false,"large":false,"1536x1536":false,"2048x2048":false,"trp-custom-language-flag":false,"mailpoet_newsletter_max":false},"uagb_author_info":{"display_name":"angelsukino@gmail.com","author_link":"https:\/\/angelicaconsultores.com\/en\/author\/angelsukinogmail-com\/"},"uagb_comment_info":0,"uagb_excerpt":null,"_links":{"self":[{"href":"https:\/\/angelicaconsultores.com\/en\/wp-json\/wp\/v2\/pages\/25","targetHints":{"allow":["GET"]}}],"collection":[{"href":"https:\/\/angelicaconsultores.com\/en\/wp-json\/wp\/v2\/pages"}],"about":[{"href":"https:\/\/angelicaconsultores.com\/en\/wp-json\/wp\/v2\/types\/page"}],"author":[{"embeddable":true,"href":"https:\/\/angelicaconsultores.com\/en\/wp-json\/wp\/v2\/users\/1"}],"replies":[{"embeddable":true,"href":"https:\/\/angelicaconsultores.com\/en\/wp-json\/wp\/v2\/comments?post=25"}],"version-history":[{"count":151,"href":"https:\/\/angelicaconsultores.com\/en\/wp-json\/wp\/v2\/pages\/25\/revisions"}],"predecessor-version":[{"id":2944,"href":"https:\/\/angelicaconsultores.com\/en\/wp-json\/wp\/v2\/pages\/25\/revisions\/2944"}],"wp:attachment":[{"href":"https:\/\/angelicaconsultores.com\/en\/wp-json\/wp\/v2\/media?parent=25"}],"curies":[{"name":"wp","href":"https:\/\/api.w.org\/{rel}","templated":true}]}}