{"id":61,"date":"2025-02-18T17:43:07","date_gmt":"2025-02-18T17:43:07","guid":{"rendered":"https:\/\/angelicaconsultores.com\/contact\/"},"modified":"2026-02-11T13:18:15","modified_gmt":"2026-02-11T13:18:15","slug":"contacto","status":"publish","type":"page","link":"https:\/\/angelicaconsultores.com\/en\/contacto\/","title":{"rendered":"Contact"},"content":{"rendered":"\n<div class=\"wp-block-uagb-container uagb-layout-grid uagb-block-e63185fe alignwide uagb-is-root-container\">\n<div class=\"wp-block-uagb-advanced-heading uagb-block-6e7b9816\"><p class=\"uagb-heading-text\">Your Attractive Heading<\/p><\/div>\n\n\n\n<div class=\"wp-block-uagb-advanced-heading uagb-block-88cbb78a\"><h5 class=\"uagb-heading-text\">Cont\u00e1ctanos<\/h5><\/div>\n<\/div>\n\n\n\n<h3 class=\"wp-block-heading has-text-align-center has-text-color has-background has-link-color has-medium-font-size wp-elements-6112653fff05506590530a30a191c67f\" style=\"border-style:none;border-width:0px;color:#fff8e6;background-color:#000f1b\">Queremos escucharte desde la ra\u00edz<\/h3>\n\n\n\n<main class=\"wp-block-uagb-container uagb-layout-grid uagb-block-23c22026 default uagb-is-root-container\">\t<div class=\"swp-rnk-preview\">\n\t\t  \n  \n  <div class=\"\n    mailpoet_form_popup_overlay\n      \"><\/div>\n  <div\n    id=\"mailpoet_form_3\"\n    class=\"\n      mailpoet_form\n      mailpoet_form_shortcode\n      mailpoet_form_position_\n      mailpoet_form_animation_\n    \"\n      >\n\n    <style type=\"text\/css\">\n     #mailpoet_form_3 .mailpoet_form {  }\n#mailpoet_form_3 form { margin-bottom: 0; }\n#mailpoet_form_3 .mailpoet_column_with_background { padding: 10px; }\n#mailpoet_form_3 .mailpoet_form_column:not(:first-child) { margin-left: 20px; }\n#mailpoet_form_3 .mailpoet_paragraph { line-height: 20px; margin-bottom: 20px; }\n#mailpoet_form_3 .mailpoet_form_paragraph  last { margin-bottom: 0px; }\n#mailpoet_form_3 .mailpoet_segment_label, #mailpoet_form_3 .mailpoet_text_label, #mailpoet_form_3 .mailpoet_textarea_label, #mailpoet_form_3 .mailpoet_select_label, #mailpoet_form_3 .mailpoet_radio_label, #mailpoet_form_3 .mailpoet_checkbox_label, #mailpoet_form_3 .mailpoet_list_label, #mailpoet_form_3 .mailpoet_date_label { display: block; font-weight: normal; }\n#mailpoet_form_3 .mailpoet_text, #mailpoet_form_3 .mailpoet_textarea, #mailpoet_form_3 .mailpoet_select, #mailpoet_form_3 .mailpoet_date_month, #mailpoet_form_3 .mailpoet_date_day, #mailpoet_form_3 .mailpoet_date_year, #mailpoet_form_3 .mailpoet_date { display: block; }\n#mailpoet_form_3 .mailpoet_text, #mailpoet_form_3 .mailpoet_textarea { width: 200px; }\n#mailpoet_form_3 .mailpoet_checkbox {  }\n#mailpoet_form_3 .mailpoet_submit {  }\n#mailpoet_form_3 .mailpoet_divider {  }\n#mailpoet_form_3 .mailpoet_message {  }\n#mailpoet_form_3 .mailpoet_form_loading { width: 30px; text-align: center; line-height: normal; }\n#mailpoet_form_3 .mailpoet_form_loading > span { width: 5px; height: 5px; background-color: #5b5b5b; }\n#mailpoet_form_3 h2.mailpoet-heading { margin: 0 0 20px 0; }\n#mailpoet_form_3 h1.mailpoet-heading { margin: 0 0 10px; }#mailpoet_form_3{border: 0px solid #9b51e0;border-radius: 4px;background: url(https:\/\/ps.w.org\/mailpoet\/assets\/form-templates\/template-18\/blackfriday-5.png) center top \/ contain no-repeat, #000000;color: #ffffff;text-align: left;}#mailpoet_form_3 form.mailpoet_form {padding: 0px;}#mailpoet_form_3{width: 333px;}#mailpoet_form_3 .mailpoet_message {margin: 0; padding: 0 20px;}\n        #mailpoet_form_3 .mailpoet_validate_success {color: #00d084}\n        #mailpoet_form_3 input.parsley-success {color: #00d084}\n        #mailpoet_form_3 select.parsley-success {color: #00d084}\n        #mailpoet_form_3 textarea.parsley-success {color: #00d084}\n      \n        #mailpoet_form_3 .mailpoet_validate_error {color: #cf2e2e}\n        #mailpoet_form_3 input.parsley-error {color: #cf2e2e}\n        #mailpoet_form_3 select.parsley-error {color: #cf2e2e}\n        #mailpoet_form_3 textarea.textarea.parsley-error {color: #cf2e2e}\n        #mailpoet_form_3 .parsley-errors-list {color: #cf2e2e}\n        #mailpoet_form_3 .parsley-required {color: #cf2e2e}\n        #mailpoet_form_3 .parsley-custom-error-message {color: #cf2e2e}\n      #mailpoet_form_3 .mailpoet_paragraph.last {margin-bottom: 0} @media (max-width: 500px) {#mailpoet_form_3 {background: #000000;}} @media (min-width: 500px) {#mailpoet_form_3 .last .mailpoet_paragraph:last-child {margin-bottom: 0}}  @media (max-width: 500px) {#mailpoet_form_3 .mailpoet_form_column:last-child .mailpoet_paragraph:last-child {margin-bottom: 0}} \n    <\/style>\n\n    <form\n      target=\"_self\"\n      method=\"post\"\n      action=\"https:\/\/angelicaconsultores.com\/wp-admin\/admin-post.php?action=mailpoet_subscription_form\"\n      class=\"mailpoet_form mailpoet_form_form mailpoet_form_shortcode\"\n      novalidate\n      data-delay=\"\"\n      data-exit-intent-enabled=\"\"\n      data-font-family=\"\"\n      data-cookie-expiration-time=\"\"\n    >\n      <input type=\"hidden\" name=\"data[form_id]\" value=\"3\" \/>\n      <input type=\"hidden\" name=\"token\" value=\"5351e677e1\" \/>\n      <input type=\"hidden\" name=\"api_version\" value=\"v1\" \/>\n      <input type=\"hidden\" name=\"endpoint\" value=\"subscribers\" \/>\n      <input type=\"hidden\" name=\"mailpoet_method\" value=\"subscribe\" \/>\n\n      <label class=\"mailpoet_hp_email_label\" style=\"display: none !important;\">Please leave this field empty<input type=\"email\" name=\"data[email]\"\/><\/label><div class='mailpoet_form_columns_container'><div class=\"mailpoet_form_columns mailpoet_paragraph mailpoet_stack_on_mobile\"><div class=\"mailpoet_form_column\" style=\"padding:0 0 0 0;;background-color:#000f1b;;\"><\/div>\n<div class=\"mailpoet_form_column\" style=\"flex-basis:80%;background-color:#000f1b;;\"><div class='mailpoet_spacer' style='height: 20px;'><\/div>\n<p class=\"mailpoet_form_paragraph  mailpoet-has-font-size\" style=\"text-align: center; color: #925823; font-size: 20px\"><strong><span style=\"font-family: Heebo\" data-font=\"Heebo\" class=\"mailpoet-has-font\">Un diagn\u00f3stico a tu medida<\/span><\/strong><\/p>\n<div class='mailpoet_spacer mailpoet_has_divider' style='height: 10px;'><div class='mailpoet_divider' data-automation-id='form_divider' style='border-top-style: solid;border-top-width: 10px;border-top-color: #6b1d8b;height: 10px;width: 100%'><\/div><\/div>\n<h1 class=\"mailpoet-heading  mailpoet-has-font-size\" id=\"block-heading_0.8430326562811867-1602517711078\" style=\"text-align: center; color: #9fcdcd; font-size: 28px\"><strong><span style=\"font-family: Fjalla One\" data-font=\"Fjalla One\" class=\"mailpoet-has-font\">Internacional desde el minuto uno<\/span><\/strong><\/h1>\n<div class='mailpoet_spacer mailpoet_has_divider' style='height: 10px;'><div class='mailpoet_divider' data-automation-id='form_divider' style='border-top-style: solid;border-top-width: 10px;border-top-color: #6b1d8b;height: 10px;width: 100%'><\/div><\/div>\n<p class=\"mailpoet_form_paragraph  mailpoet-has-font-size\" style=\"text-align: center; font-size: 15px; line-height: 1.5\"><\/p>\n<div class=\"mailpoet_paragraph \"><style>input[name=\"data[form_field_ODhiMDk1ZTBjMDQwX2ZpcnN0X25hbWU=]\"]::placeholder{color:#ffffff;opacity: 1;}<\/style><input type=\"text\" autocomplete=\"given-name\" class=\"mailpoet_text\" id=\"form_first_name_3\" name=\"data[form_field_ODhiMDk1ZTBjMDQwX2ZpcnN0X25hbWU=]\" title=\"Nombre | Como te gusta que te llamen\" value=\"\" style=\"width:100%;box-sizing:border-box;background-color:#000f1b;border-style:solid;border-radius:0px !important;border-width:1px;border-color:#9b51e0;padding:12px;margin: 0 auto 0 0;font-family:&#039;Heebo&#039;;font-size:25px;line-height:1.5;height:auto;color:#ffffff;\" data-automation-id=\"form_first_name\"  placeholder=\"Nombre | Como te gusta que te llamen *\" aria-label=\"Nombre | Como te gusta que te llamen *\" data-parsley-errors-container=\".mailpoet_error_c8p0t\" data-parsley-names='[&quot;Please specify a valid name.&quot;,&quot;Addresses in names are not permitted, please add your name instead.&quot;]' data-parsley-required=\"true\" required aria-required=\"true\" data-parsley-required-message=\"This field is required.\"\/><span class=\"mailpoet_error_c8p0t\"><\/span><\/div>\n<div class=\"mailpoet_paragraph \"><style>input[name=\"data[form_field_MzM0MGJiNDZlZTQ5X2xhc3RfbmFtZQ==]\"]::placeholder{color:#ffffff;opacity: 1;}<\/style><input type=\"text\" autocomplete=\"family-name\" class=\"mailpoet_text\" id=\"form_last_name_3\" name=\"data[form_field_MzM0MGJiNDZlZTQ5X2xhc3RfbmFtZQ==]\" title=\"Nombre de tu marca o empresa\" value=\"\" style=\"width:100%;box-sizing:border-box;background-color:#000f1b;border-style:solid;border-radius:0px !important;border-width:1px;border-color:#9b51e0;padding:12px;margin: 0 auto 0 0;font-family:&#039;Heebo&#039;;font-size:25px;line-height:1.5;height:auto;color:#ffffff;\" data-automation-id=\"form_last_name\"  placeholder=\"Nombre de tu marca o empresa\" aria-label=\"Nombre de tu marca o empresa\" data-parsley-errors-container=\".mailpoet_error_kz9yu\" data-parsley-names='[&quot;Please specify a valid name.&quot;,&quot;Addresses in names are not permitted, please add your name instead.&quot;]'\/><span class=\"mailpoet_error_kz9yu\"><\/span><\/div>\n<div class=\"mailpoet_paragraph \"><style>input[name=\"data[form_field_NjRjMzI2YWZlODU1X2VtYWls]\"]::placeholder{color:#ffffff;opacity: 1;}<\/style><input type=\"email\" autocomplete=\"email\" class=\"mailpoet_text\" id=\"form_email_3\" name=\"data[form_field_NjRjMzI2YWZlODU1X2VtYWls]\" title=\"Email Address\" value=\"\" style=\"width:100%;box-sizing:border-box;background-color:#000f1b;border-style:solid;border-radius:0px !important;border-width:1px;border-color:#9b51e0;padding:12px;margin: 0 auto 0 0;font-family:&#039;Heebo&#039;;font-size:25px;line-height:1.5;height:auto;color:#ffffff;\" data-automation-id=\"form_email\"  placeholder=\"Email Address *\" aria-label=\"Email Address *\" data-parsley-errors-container=\".mailpoet_error_ypo4i\" data-parsley-required=\"true\" required aria-required=\"true\" data-parsley-minlength=\"6\" data-parsley-maxlength=\"150\" data-parsley-type-message=\"This value should be a valid email.\" data-parsley-required-message=\"This field is required.\"\/><span class=\"mailpoet_error_ypo4i\"><\/span><\/div>\n<div class=\"mailpoet_paragraph \"><style>textarea[name=\"data[cf_1]\"]::placeholder{color:#ffffff;opacity: 1;}<\/style><textarea class=\"mailpoet_textarea\" data-automation-id=\"form_custom_text_area\" rows=\"4\" name=\"data[cf_1]\" placeholder=\"\u00bfDonde podemos ver lo que haces o imaginas?\" aria-label=\"\u00bfDonde podemos ver lo que haces o imaginas?\" data-parsley-errors-container=\".mailpoet_error_1hrlb\"style=\"width:100%;box-sizing:border-box;background-color:#000f1b;border-style:solid;border-radius:0px !important;border-width:1px;border-color:#9b51e0;padding:12px;margin: 0 auto 0 0;font-family:&#039;Heebo&#039;;font-size:25px;line-height:1.5;height:auto;color:#ffffff;\" ><\/textarea><span class=\"mailpoet_error_1hrlb\"><\/span><\/div>\n<div class=\"mailpoet_paragraph \"><style>textarea[name=\"data[cf_3]\"]::placeholder{color:#ffffff;opacity: 1;}<\/style><textarea class=\"mailpoet_textarea\" data-automation-id=\"form_custom_text_area\" rows=\"5\" name=\"data[cf_3]\" placeholder=\"\u00bfComo podemos ayudarte? *\" aria-label=\"\u00bfComo podemos ayudarte? *\" data-parsley-errors-container=\".mailpoet_error_8nsek\" data-parsley-required=\"true\" required aria-required=\"true\" data-parsley-required-message=\"This field is required.\"style=\"width:100%;box-sizing:border-box;background-color:#000f1b;border-style:solid;border-radius:0px !important;border-width:1px;border-color:#9b51e0;padding:12px;margin: 0 auto 0 0;font-family:&#039;Heebo&#039;;font-size:25px;line-height:1.5;height:auto;color:#ffffff;\" ><\/textarea><span class=\"mailpoet_error_8nsek\"><\/span><\/div>\n<p class=\"mailpoet_form_paragraph  mailpoet-has-background-color\" style=\"background-color: #000f1b; text-align: left; color: #f4e7df\">. Dar forma a una idea o proyecto . Redefinir mi estrategia de negocio o marca . Crear una identidad que comunique tu esencia . Dise\u00f1ar un plan comercial coherente . Preparar mi marca para internacionalizarse . Otro (Expl\u00edcanos) Cuentanos un poco m\u00e1s de tu proyecto \u00bfQue lo hace especial? \u00bfQue deseas lograr? \u00bfQue te mueve?<\/p>\n<div class=\"mailpoet_paragraph \"><style>textarea[name=\"data[cf_5]\"]::placeholder{color:#ffffff;opacity: 1;}<\/style><textarea class=\"mailpoet_textarea\" data-automation-id=\"form_custom_text_area\" rows=\"5\" name=\"data[cf_5]\" placeholder=\"\u00bfAlg\u00fan tema espec\u00edfico en el que quieras profundizar? *\" aria-label=\"\u00bfAlg\u00fan tema espec\u00edfico en el que quieras profundizar? *\" data-parsley-errors-container=\".mailpoet_error_1k4n0\" data-parsley-required=\"true\" required aria-required=\"true\" data-parsley-required-message=\"This field is required.\"style=\"width:100%;box-sizing:border-box;background-color:#000f1b;border-style:solid;border-radius:0px !important;border-width:1px;border-color:#9b51e0;padding:12px;margin: 0 auto 0 0;font-family:&#039;Heebo&#039;;font-size:25px;line-height:1.5;height:auto;color:#ffffff;\" ><\/textarea><span class=\"mailpoet_error_1k4n0\"><\/span><\/div>\n<div class=\"mailpoet_paragraph \"><input type=\"submit\" class=\"mailpoet_submit\" value=\"Enviar\" data-automation-id=\"subscribe-submit-button\" data-font-family='Heebo' style=\"width:100%;box-sizing:border-box;background-color:#925823;border-style:solid;border-radius:2px !important;border-width:0px;padding:10px;margin: 0 auto 0 0;font-family:&#039;Heebo&#039;;font-size:15px;line-height:1.5;height:auto;color:#6b1d8b;border-color:transparent;font-weight:bold;\" \/><span class=\"mailpoet_form_loading\"><span class=\"mailpoet_bounce1\"><\/span><span class=\"mailpoet_bounce2\"><\/span><span class=\"mailpoet_bounce3\"><\/span><\/span><\/div>\n<p class=\"mailpoet_form_paragraph  mailpoet-has-background-color mailpoet-has-font-size\" style=\"background-color: #000f1b; text-align: center; color: #9fcdcd; font-size: 13px; line-height: 1.5\"><span style=\"font-family: Heebo\" data-font=\"Heebo\" class=\"mailpoet-has-font\">We don\u2019t spam! Read our <a href=\"#\">privacy policy<\/a> for more info.<\/span><\/p>\n<div class='mailpoet_spacer' style='height: 10px;'><\/div>\n<\/div>\n<div class=\"mailpoet_form_column\" style=\"background-color:#000f1b;;\"><\/div>\n<\/div><\/div>\n\n      <div class=\"mailpoet_message\">\n        <p class=\"mailpoet_validate_success\"\n                style=\"display:none;\"\n                >Check your inbox or spam folder to confirm your subscription.\nRevisa tu bandeja de entrada \u00f3 spam.\n        <\/p>\n        <p class=\"mailpoet_validate_error\"\n                style=\"display:none;\"\n                >        <\/p>\n      <\/div>\n    <\/form>\n\n      <\/div>\n\n  \t<\/div>\n<\/main>\n\n\n\n<div class=\"wp-block-uagb-container uagb-block-ee7cf360 default uagb-is-root-container\">\n<div class=\"wp-block-uagb-container uagb-block-eeb89f5b\"><\/div>\n<\/div>\n\n\n\n<p><\/p>\n","protected":false},"excerpt":{"rendered":"<p>Your Attractive Heading Cont\u00e1ctanos Queremos escucharte desde la ra\u00edz<\/p>","protected":false},"author":1,"featured_media":0,"parent":0,"menu_order":0,"comment_status":"closed","ping_status":"closed","template":"","meta":{"_uag_custom_page_level_css":"","site-sidebar-layout":"default","site-content-layout":"","ast-site-content-layout":"default","site-content-style":"default","site-sidebar-style":"default","ast-global-header-display":"","ast-banner-title-visibility":"","ast-main-header-display":"","ast-hfb-above-header-display":"","ast-hfb-below-header-display":"","ast-hfb-mobile-header-display":"","site-post-title":"disabled","ast-breadcrumbs-content":"","ast-featured-img":"","footer-sml-layout":"","theme-transparent-header-meta":"enabled","adv-header-id-meta":"","stick-header-meta":"","header-above-stick-meta":"","header-main-stick-meta":"","header-below-stick-meta":"","astra-migrate-meta-layouts":"set","ast-page-background-enabled":"default","ast-page-background-meta":{"desktop":{"background-color":"var(--ast-global-color-4)","background-image":"","background-repeat":"repeat","background-position":"center center","background-size":"auto","background-attachment":"scroll","background-type":"","background-media":"","overlay-type":"","overlay-color":"","overlay-opacity":"","overlay-gradient":""},"tablet":{"background-color":"","background-image":"","background-repeat":"repeat","background-position":"center center","background-size":"auto","background-attachment":"scroll","background-type":"","background-media":"","overlay-type":"","overlay-color":"","overlay-opacity":"","overlay-gradient":""},"mobile":{"background-color":"","background-image":"","background-repeat":"repeat","background-position":"center center","background-size":"auto","background-attachment":"scroll","background-type":"","background-media":"","overlay-type":"","overlay-color":"","overlay-opacity":"","overlay-gradient":""}},"ast-content-background-meta":{"desktop":{"background-color":"var(--ast-global-color-5)","background-image":"","background-repeat":"repeat","background-position":"center center","background-size":"auto","background-attachment":"scroll","background-type":"","background-media":"","overlay-type":"","overlay-color":"","overlay-opacity":"","overlay-gradient":""},"tablet":{"background-color":"var(--ast-global-color-5)","background-image":"","background-repeat":"repeat","background-position":"center center","background-size":"auto","background-attachment":"scroll","background-type":"","background-media":"","overlay-type":"","overlay-color":"","overlay-opacity":"","overlay-gradient":""},"mobile":{"background-color":"var(--ast-global-color-5)","background-image":"","background-repeat":"repeat","background-position":"center center","background-size":"auto","background-attachment":"scroll","background-type":"","background-media":"","overlay-type":"","overlay-color":"","overlay-opacity":"","overlay-gradient":""}},"_themeisle_gutenberg_block_has_review":false,"footnotes":""},"class_list":["post-61","page","type-page","status-publish","hentry"],"aioseo_notices":[],"_hostinger_reach_plugin_has_subscription_block":false,"_hostinger_reach_plugin_is_elementor":false,"uagb_featured_image_src":{"full":false,"thumbnail":false,"medium":false,"medium_large":false,"large":false,"1536x1536":false,"2048x2048":false,"trp-custom-language-flag":false,"mailpoet_newsletter_max":false},"uagb_author_info":{"display_name":"angelsukino@gmail.com","author_link":"https:\/\/angelicaconsultores.com\/en\/author\/angelsukinogmail-com\/"},"uagb_comment_info":0,"uagb_excerpt":"Your Attractive Heading Cont\u00e1ctanos Queremos escucharte desde la ra\u00edz","_links":{"self":[{"href":"https:\/\/angelicaconsultores.com\/en\/wp-json\/wp\/v2\/pages\/61","targetHints":{"allow":["GET"]}}],"collection":[{"href":"https:\/\/angelicaconsultores.com\/en\/wp-json\/wp\/v2\/pages"}],"about":[{"href":"https:\/\/angelicaconsultores.com\/en\/wp-json\/wp\/v2\/types\/page"}],"author":[{"embeddable":true,"href":"https:\/\/angelicaconsultores.com\/en\/wp-json\/wp\/v2\/users\/1"}],"replies":[{"embeddable":true,"href":"https:\/\/angelicaconsultores.com\/en\/wp-json\/wp\/v2\/comments?post=61"}],"version-history":[{"count":67,"href":"https:\/\/angelicaconsultores.com\/en\/wp-json\/wp\/v2\/pages\/61\/revisions"}],"predecessor-version":[{"id":2839,"href":"https:\/\/angelicaconsultores.com\/en\/wp-json\/wp\/v2\/pages\/61\/revisions\/2839"}],"wp:attachment":[{"href":"https:\/\/angelicaconsultores.com\/en\/wp-json\/wp\/v2\/media?parent=61"}],"curies":[{"name":"wp","href":"https:\/\/api.w.org\/{rel}","templated":true}]}}